{"id":35,"date":"2026-01-24T18:29:06","date_gmt":"2026-01-24T18:29:06","guid":{"rendered":"https:\/\/www.villeneuveloubetfootball.fr\/index.php\/contact\/"},"modified":"2026-01-25T17:10:28","modified_gmt":"2026-01-25T17:10:28","slug":"contact","status":"publish","type":"page","link":"https:\/\/www.villeneuveloubetfootball.fr\/index.php\/contact\/","title":{"rendered":"Contact"},"content":{"rendered":"\n\n\n\n","protected":false},"excerpt":{"rendered":"","protected":false},"author":1,"featured_media":0,"parent":0,"menu_order":0,"comment_status":"closed","ping_status":"closed","template":"full-width","meta":{"saved_in_kubio":true,"footnotes":""},"class_list":["post-35","page","type-page","status-publish","hentry"],"kubio_ai_page_context":{"short_desc":"Vous souhaitez rejoindre Villeneuve Loubet Football, inscrire votre enfant, devenir b\u00e9n\u00e9vole ou partenaire du club ? L\u2019\u00e9quipe de Villeneuve Loubet Football est \u00e0 votre \u00e9coute. N\u2019h\u00e9sitez pas \u00e0 nous contacter pour toute demande d\u2019information concernant les inscriptions, les entra\u00eenements, les comp\u00e9titions ou la vie du club. Nous serons ravis d\u2019\u00e9changer avec vous et de vous accueillir au sein d\u2019un projet sportif fond\u00e9 sur la passion, le partage et les valeurs du football. Ensemble, faisons grandir le football \u00e0 Villeneuve-Loubet.","purpose":"contact","isFrontPage":false},"_links":{"self":[{"href":"https:\/\/www.villeneuveloubetfootball.fr\/index.php\/wp-json\/wp\/v2\/pages\/35","targetHints":{"allow":["GET"]}}],"collection":[{"href":"https:\/\/www.villeneuveloubetfootball.fr\/index.php\/wp-json\/wp\/v2\/pages"}],"about":[{"href":"https:\/\/www.villeneuveloubetfootball.fr\/index.php\/wp-json\/wp\/v2\/types\/page"}],"author":[{"embeddable":true,"href":"https:\/\/www.villeneuveloubetfootball.fr\/index.php\/wp-json\/wp\/v2\/users\/1"}],"replies":[{"embeddable":true,"href":"https:\/\/www.villeneuveloubetfootball.fr\/index.php\/wp-json\/wp\/v2\/comments?post=35"}],"version-history":[{"count":7,"href":"https:\/\/www.villeneuveloubetfootball.fr\/index.php\/wp-json\/wp\/v2\/pages\/35\/revisions"}],"predecessor-version":[{"id":144,"href":"https:\/\/www.villeneuveloubetfootball.fr\/index.php\/wp-json\/wp\/v2\/pages\/35\/revisions\/144"}],"wp:attachment":[{"href":"https:\/\/www.villeneuveloubetfootball.fr\/index.php\/wp-json\/wp\/v2\/media?parent=35"}],"curies":[{"name":"wp","href":"https:\/\/api.w.org\/{rel}","templated":true}]}}