{"id":205,"date":"2026-01-31T09:45:44","date_gmt":"2026-01-31T09:45:44","guid":{"rendered":"https:\/\/www.villeneuveloubetfootball.fr\/index.php\/organigramme-du-club\/"},"modified":"2026-03-29T08:45:11","modified_gmt":"2026-03-29T08:45:11","slug":"organigramme-du-club","status":"publish","type":"page","link":"https:\/\/www.villeneuveloubetfootball.fr\/index.php\/organigramme-du-club\/","title":{"rendered":"Organigramme du Club"},"content":{"rendered":"\n\n\n\n\n\n\n\n","protected":false},"excerpt":{"rendered":"","protected":false},"author":1,"featured_media":0,"parent":0,"menu_order":0,"comment_status":"closed","ping_status":"closed","template":"full-width","meta":{"saved_in_kubio":true,"footnotes":""},"class_list":["post-205","page","type-page","status-publish","hentry"],"kubio_ai_page_context":{"short_desc":"L\u2019organigramme de Villeneuve Loubet Football pr\u00e9sente l\u2019ensemble des femmes et des hommes qui \u0153uvrent au quotidien pour le bon fonctionnement du club. Dirigeants, \u00e9ducateurs, encadrants et b\u00e9n\u00e9voles travaillent ensemble dans un esprit de collaboration et de transparence. Chacun occupe un r\u00f4le essentiel, au service du projet sportif et associatif. Cette organisation permet d\u2019assurer un encadrement structur\u00e9, une gestion efficace et un accompagnement de qualit\u00e9 pour les licenci\u00e9s. \u00c0 travers cet organigramme, le club affirme son engagement collectif, son s\u00e9rieux et sa volont\u00e9 de construire un projet durable et coh\u00e9rent.","purpose":"general"},"_links":{"self":[{"href":"https:\/\/www.villeneuveloubetfootball.fr\/index.php\/wp-json\/wp\/v2\/pages\/205","targetHints":{"allow":["GET"]}}],"collection":[{"href":"https:\/\/www.villeneuveloubetfootball.fr\/index.php\/wp-json\/wp\/v2\/pages"}],"about":[{"href":"https:\/\/www.villeneuveloubetfootball.fr\/index.php\/wp-json\/wp\/v2\/types\/page"}],"author":[{"embeddable":true,"href":"https:\/\/www.villeneuveloubetfootball.fr\/index.php\/wp-json\/wp\/v2\/users\/1"}],"replies":[{"embeddable":true,"href":"https:\/\/www.villeneuveloubetfootball.fr\/index.php\/wp-json\/wp\/v2\/comments?post=205"}],"version-history":[{"count":9,"href":"https:\/\/www.villeneuveloubetfootball.fr\/index.php\/wp-json\/wp\/v2\/pages\/205\/revisions"}],"predecessor-version":[{"id":249,"href":"https:\/\/www.villeneuveloubetfootball.fr\/index.php\/wp-json\/wp\/v2\/pages\/205\/revisions\/249"}],"wp:attachment":[{"href":"https:\/\/www.villeneuveloubetfootball.fr\/index.php\/wp-json\/wp\/v2\/media?parent=205"}],"curies":[{"name":"wp","href":"https:\/\/api.w.org\/{rel}","templated":true}]}}