{"id":165,"date":"2026-01-26T19:40:51","date_gmt":"2026-01-26T19:40:51","guid":{"rendered":"https:\/\/www.villeneuveloubetfootball.fr\/index.php\/equipe-foot-u11-feminine\/"},"modified":"2026-03-29T08:59:17","modified_gmt":"2026-03-29T08:59:17","slug":"equipe-foot-u11-feminine","status":"publish","type":"page","link":"https:\/\/www.villeneuveloubetfootball.fr\/index.php\/equipe-foot-u11-feminine\/","title":{"rendered":"Equipe Foot U11 f\u00e9minine"},"content":{"rendered":"\n\n\n\n\n\n\n\n","protected":false},"excerpt":{"rendered":"","protected":false},"author":1,"featured_media":0,"parent":0,"menu_order":0,"comment_status":"closed","ping_status":"closed","template":"full-width","meta":{"saved_in_kubio":true,"footnotes":""},"class_list":["post-165","page","type-page","status-publish","hentry"],"kubio_ai_page_context":{"short_desc":"Une page qui pr\u00e9sente nos membres d'\u00e9quipe aux visiteurs. Mettez en lumi\u00e8re leurs r\u00f4les individuels, comp\u00e9tences et contributions au sein de l'organisation pour donner un aper\u00e7u de notre effectif.","purpose":"team"},"_links":{"self":[{"href":"https:\/\/www.villeneuveloubetfootball.fr\/index.php\/wp-json\/wp\/v2\/pages\/165","targetHints":{"allow":["GET"]}}],"collection":[{"href":"https:\/\/www.villeneuveloubetfootball.fr\/index.php\/wp-json\/wp\/v2\/pages"}],"about":[{"href":"https:\/\/www.villeneuveloubetfootball.fr\/index.php\/wp-json\/wp\/v2\/types\/page"}],"author":[{"embeddable":true,"href":"https:\/\/www.villeneuveloubetfootball.fr\/index.php\/wp-json\/wp\/v2\/users\/1"}],"replies":[{"embeddable":true,"href":"https:\/\/www.villeneuveloubetfootball.fr\/index.php\/wp-json\/wp\/v2\/comments?post=165"}],"version-history":[{"count":23,"href":"https:\/\/www.villeneuveloubetfootball.fr\/index.php\/wp-json\/wp\/v2\/pages\/165\/revisions"}],"predecessor-version":[{"id":254,"href":"https:\/\/www.villeneuveloubetfootball.fr\/index.php\/wp-json\/wp\/v2\/pages\/165\/revisions\/254"}],"wp:attachment":[{"href":"https:\/\/www.villeneuveloubetfootball.fr\/index.php\/wp-json\/wp\/v2\/media?parent=165"}],"curies":[{"name":"wp","href":"https:\/\/api.w.org\/{rel}","templated":true}]}}