{"id":132,"date":"2026-01-25T08:17:38","date_gmt":"2026-01-25T08:17:38","guid":{"rendered":"https:\/\/www.villeneuveloubetfootball.fr\/index.php\/nos-partenaires\/"},"modified":"2026-02-01T10:00:12","modified_gmt":"2026-02-01T10:00:12","slug":"nos-partenaires","status":"publish","type":"page","link":"https:\/\/www.villeneuveloubetfootball.fr\/index.php\/nos-partenaires\/","title":{"rendered":"Nos partenaires"},"content":{"rendered":"\n\n\n\n\n\n\n\n","protected":false},"excerpt":{"rendered":"","protected":false},"author":1,"featured_media":0,"parent":0,"menu_order":0,"comment_status":"closed","ping_status":"closed","template":"full-width","meta":{"saved_in_kubio":true,"footnotes":""},"class_list":["post-132","page","type-page","status-publish","hentry"],"kubio_ai_page_context":{"short_desc":"La page Partenaires de Villeneuve Loubet Football met \u00e0 l\u2019honneur les entreprises et acteurs locaux qui soutiennent le club et contribuent \u00e0 son d\u00e9veloppement. Gr\u00e2ce \u00e0 leur engagement, le club peut accompagner ses licenci\u00e9s, structurer ses projets sportifs et renforcer son ancrage territorial. Devenir partenaire, c\u2019est associer son image \u00e0 des valeurs fortes : passion, esprit d\u2019\u00e9quipe, respect et engagement local. Villeneuve Loubet Football remercie chaleureusement l\u2019ensemble de ses partenaires pour leur confiance et leur soutien, indispensables \u00e0 la r\u00e9ussite et \u00e0 la p\u00e9rennit\u00e9 du projet sportif du club.","purpose":"about"},"_links":{"self":[{"href":"https:\/\/www.villeneuveloubetfootball.fr\/index.php\/wp-json\/wp\/v2\/pages\/132","targetHints":{"allow":["GET"]}}],"collection":[{"href":"https:\/\/www.villeneuveloubetfootball.fr\/index.php\/wp-json\/wp\/v2\/pages"}],"about":[{"href":"https:\/\/www.villeneuveloubetfootball.fr\/index.php\/wp-json\/wp\/v2\/types\/page"}],"author":[{"embeddable":true,"href":"https:\/\/www.villeneuveloubetfootball.fr\/index.php\/wp-json\/wp\/v2\/users\/1"}],"replies":[{"embeddable":true,"href":"https:\/\/www.villeneuveloubetfootball.fr\/index.php\/wp-json\/wp\/v2\/comments?post=132"}],"version-history":[{"count":6,"href":"https:\/\/www.villeneuveloubetfootball.fr\/index.php\/wp-json\/wp\/v2\/pages\/132\/revisions"}],"predecessor-version":[{"id":238,"href":"https:\/\/www.villeneuveloubetfootball.fr\/index.php\/wp-json\/wp\/v2\/pages\/132\/revisions\/238"}],"wp:attachment":[{"href":"https:\/\/www.villeneuveloubetfootball.fr\/index.php\/wp-json\/wp\/v2\/media?parent=132"}],"curies":[{"name":"wp","href":"https:\/\/api.w.org\/{rel}","templated":true}]}}